{"id":559,"date":"2022-07-26T01:34:00","date_gmt":"2022-07-26T01:34:00","guid":{"rendered":"https:\/\/dogogiagoc.vn\/xh\/?page_id=559"},"modified":"2024-01-30T11:34:54","modified_gmt":"2024-01-30T04:34:54","slug":"lien-he","status":"publish","type":"page","link":"https:\/\/dogogiagoc.vn\/xh\/lien-he\/","title":{"rendered":"Li\u00ean h\u1ec7"},"content":{"rendered":"<p>[vc_row][vc_column][vc_gmaps link=&#8221;#E-8_JTNDaWZyYW1lJTIwc3JjJTNEJTIyaHR0cHMlM0ElMkYlMkZ3d3cuZ29vZ2xlLmNvbSUyRm1hcHMlMkZlbWJlZCUzRnBiJTNEJTIxMW0xOCUyMTFtMTIlMjExbTMlMjExZDU1My43MTExOTUxMTE0MTg0JTIxMmQxMDUuNzgzOTMxMzgyOTc4MzUlMjEzZDIwLjk5NjI0NDY4NDY3NTgzJTIxMm0zJTIxMWYwJTIxMmYwJTIxM2YwJTIxM20yJTIxMWkxMDI0JTIxMmk3NjglMjE0ZjEzLjElMjEzbTMlMjExbTIlMjExczB4MzEzNWFkYzViZjFjNjU2NSUyNTNBMHg3NjQ0ZjM2ZDRiMGUxYzUzJTIxMnpTT0c3bVdrZ2NYWERvVzRnYm1kbzRidUhJSFBFcVNCV1QxWSUyMTVlMCUyMTNtMiUyMTFzdmklMjEycyUyMTR2MTY1ODgyNTgwMjMyNyUyMTVtMiUyMTFzdmklMjEycyUyMiUyMHdpZHRoJTNEJTIyNjAwJTIyJTIwaGVpZ2h0JTNEJTIyNDUwJTIyJTIwc3R5bGUlM0QlMjJib3JkZXIlM0EwJTNCJTIyJTIwYWxsb3dmdWxsc2NyZWVuJTNEJTIyJTIyJTIwbG9hZGluZyUzRCUyMmxhenklMjIlMjByZWZlcnJlcnBvbGljeSUzRCUyMm5vLXJlZmVycmVyLXdoZW4tZG93bmdyYWRlJTIyJTNFJTNDJTJGaWZyYW1lJTNF&#8221; size=&#8221;250&#8243;]\t<div\n\t\t\t\t\tclass=\"bs-shortcode bs-text \">\n\t\t\t\t<h2 class=\"section-heading sh-t3 sh-s4\">\n\t\t\t\t<span class=\"h-text\">LI\u00caN H\u1ec6<\/span>\n\t\t\t\t<\/h2>\n\t\t\t\t<div class=\"bs-text-content\">\n\t\t\t<\/p>\n<h5>C\u00d4NG TY C\u1ed4 PH\u1ea6N XINH HOME<\/h5>\n<p><strong>\u0110i\u1ec7n tho\u1ea1i:<\/strong>: <a href=\"tel:0949328886\">0949.32.88.86<\/a> &#8211; <a href=\"tel:0949328886\">02466.89.57.73<\/a><br \/>\n<strong>Zalo:<\/strong>: <a href=\"https:\/\/zalo.me\/0949328886\">0949.32.88.86<\/a><br \/>\n<strong>Email<\/strong>: <a href=\"mailto:gohanoi88@gmail.com\">gohanoi88@gmail.com<\/a><br \/>\n<strong>Facebook<\/strong>: <a href=\"https:\/\/facebook.com\/dogogiagoc1\">\u0110\u1ed3 G\u1ed7 Gi\u00e1 G\u1ed1c<\/a><br \/>\n<strong>\u0110\u1ecba ch\u1ec9:<\/strong>: CT2A, Chung c\u01b0 VOV M\u1ec5 Tr\u00ec, L\u01b0\u01a1ng Th\u1ebf Vinh, H\u00e0 N\u1ed9i<br \/>\n<strong>Nh\u00e0 m\u00e1y 1:<\/strong>: Km 5, \u0110\u1ea1i L\u1ed9 Th\u0103ng Long, M\u1ef9 \u0110\u00ecnh, H\u00e0 N\u1ed9i<br \/>\n<strong>Nh\u00e0 m\u00e1y 2:<\/strong>: Th\u00f4n H\u00f2a B\u00ecnh, X\u00e3 C\u1ea7n Ki\u1ec7m, Th\u1ea1ch Th\u1ea5t, H\u00e0 N\u1ed9i<\/p>\n\t\t<\/div>\n\t<\/div><!-- .bs-text -->\n[vc_row_inner][\/vc_row_inner][\/vc_column][\/vc_row]<\/p>\n","protected":false},"excerpt":{"rendered":"<p>Xinh Home &#8211; \u0110\u1ed3 G\u1ed7 Gi\u00e1 G\u1ed1c &#8211; 0949.32.88.86<\/p>\n","protected":false},"author":1,"featured_media":0,"parent":0,"menu_order":0,"comment_status":"closed","ping_status":"closed","template":"","meta":{"footnotes":""},"class_list":["post-559","page","type-page","status-publish","hentry"],"yoast_head":"<!-- This site is optimized with the Yoast SEO plugin v19.3 - https:\/\/yoast.com\/wordpress\/plugins\/seo\/ -->\n<title>Li\u00ean h\u1ec7 - Xinh Home - \u0110\u1ed3 G\u1ed7 Gi\u00e1 G\u1ed1c<\/title>\n<meta name=\"description\" content=\"C\u00f4ng ty C\u1ed5 ph\u1ea7n Xinh Home, Th\u01b0\u01a1ng hi\u1ec7u \u0110\u1ed3 G\u1ed7 Gi\u00e1 G\u1ed1c. \u0110i\u1ec7n tho\u1ea1i: 0949.32.88.86 - 02466.895.773. Nh\u00e0 m\u00e1y: Km 5, \u0110\u1ea1i L\u1ed9 Th\u0103ng Long, M\u1ef9 \u0110\u00ecnh, H\u00e0 N\u1ed9i.\" \/>\n<meta name=\"robots\" content=\"index, follow, max-snippet:-1, max-image-preview:large, max-video-preview:-1\" \/>\n<link rel=\"canonical\" href=\"https:\/\/dogogiagoc.vn\/xh\/lien-he\/\" \/>\n<meta property=\"og:locale\" content=\"vi_VN\" \/>\n<meta property=\"og:type\" content=\"article\" \/>\n<meta property=\"og:title\" content=\"Li\u00ean h\u1ec7 - Xinh Home - \u0110\u1ed3 G\u1ed7 Gi\u00e1 G\u1ed1c\" \/>\n<meta property=\"og:description\" content=\"C\u00f4ng ty C\u1ed5 ph\u1ea7n Xinh Home, Th\u01b0\u01a1ng hi\u1ec7u \u0110\u1ed3 G\u1ed7 Gi\u00e1 G\u1ed1c. \u0110i\u1ec7n tho\u1ea1i: 0949.32.88.86 - 02466.895.773. Nh\u00e0 m\u00e1y: Km 5, \u0110\u1ea1i L\u1ed9 Th\u0103ng Long, M\u1ef9 \u0110\u00ecnh, H\u00e0 N\u1ed9i.\" \/>\n<meta property=\"og:url\" content=\"https:\/\/dogogiagoc.vn\/xh\/lien-he\/\" \/>\n<meta property=\"og:site_name\" content=\"Xinh Home - \u0110\u1ed3 G\u1ed7 Gi\u00e1 G\u1ed1c\" \/>\n<meta property=\"article:publisher\" content=\"https:\/\/facebook.com\/dogogiagoc1\" \/>\n<meta property=\"article:modified_time\" content=\"2024-01-30T04:34:54+00:00\" \/>\n<meta name=\"twitter:card\" content=\"summary_large_image\" \/>\n<meta name=\"twitter:label1\" content=\"\u01af\u1edbc t\u00ednh th\u1eddi gian \u0111\u1ecdc\" \/>\n\t<meta name=\"twitter:data1\" content=\"1 ph\u00fat\" \/>\n<script type=\"application\/ld+json\" class=\"yoast-schema-graph\">{\"@context\":\"https:\/\/schema.org\",\"@graph\":[{\"@type\":\"Organization\",\"@id\":\"https:\/\/dogogiagoc.vn\/xh\/#organization\",\"name\":\"C\u00f4ng ty C\u1ed5 ph\u1ea7n Xinh Home\",\"url\":\"https:\/\/dogogiagoc.vn\/xh\/\",\"sameAs\":[\"https:\/\/facebook.com\/dogogiagoc1\"],\"logo\":{\"@type\":\"ImageObject\",\"inLanguage\":\"vi\",\"@id\":\"https:\/\/dogogiagoc.vn\/xh\/#\/schema\/logo\/image\/\",\"url\":\"https:\/\/dogogiagoc.vn\/xh\/wp-content\/uploads\/2022\/07\/LOGO-300X200.png\",\"contentUrl\":\"https:\/\/dogogiagoc.vn\/xh\/wp-content\/uploads\/2022\/07\/LOGO-300X200.png\",\"width\":300,\"height\":200,\"caption\":\"C\u00f4ng ty C\u1ed5 ph\u1ea7n Xinh Home\"},\"image\":{\"@id\":\"https:\/\/dogogiagoc.vn\/xh\/#\/schema\/logo\/image\/\"}},{\"@type\":\"WebSite\",\"@id\":\"https:\/\/dogogiagoc.vn\/xh\/#website\",\"url\":\"https:\/\/dogogiagoc.vn\/xh\/\",\"name\":\"Xinh Home - \u0110\u1ed3 G\u1ed7 Gi\u00e1 G\u1ed1c\",\"description\":\"M\u1ed7i c\u00f4ng tr\u00ecnh l\u00e0 m\u1ed9t Showroom\",\"publisher\":{\"@id\":\"https:\/\/dogogiagoc.vn\/xh\/#organization\"},\"potentialAction\":[{\"@type\":\"SearchAction\",\"target\":{\"@type\":\"EntryPoint\",\"urlTemplate\":\"https:\/\/dogogiagoc.vn\/xh\/?s={search_term_string}\"},\"query-input\":\"required name=search_term_string\"}],\"inLanguage\":\"vi\"},{\"@type\":\"WebPage\",\"@id\":\"https:\/\/dogogiagoc.vn\/xh\/lien-he\/\",\"url\":\"https:\/\/dogogiagoc.vn\/xh\/lien-he\/\",\"name\":\"Li\u00ean h\u1ec7 - Xinh Home - \u0110\u1ed3 G\u1ed7 Gi\u00e1 G\u1ed1c\",\"isPartOf\":{\"@id\":\"https:\/\/dogogiagoc.vn\/xh\/#website\"},\"datePublished\":\"2022-07-26T01:34:00+00:00\",\"dateModified\":\"2024-01-30T04:34:54+00:00\",\"description\":\"C\u00f4ng ty C\u1ed5 ph\u1ea7n Xinh Home, Th\u01b0\u01a1ng hi\u1ec7u \u0110\u1ed3 G\u1ed7 Gi\u00e1 G\u1ed1c. \u0110i\u1ec7n tho\u1ea1i: 0949.32.88.86 - 02466.895.773. Nh\u00e0 m\u00e1y: Km 5, \u0110\u1ea1i L\u1ed9 Th\u0103ng Long, M\u1ef9 \u0110\u00ecnh, H\u00e0 N\u1ed9i.\",\"breadcrumb\":{\"@id\":\"https:\/\/dogogiagoc.vn\/xh\/lien-he\/#breadcrumb\"},\"inLanguage\":\"vi\",\"potentialAction\":[{\"@type\":\"ReadAction\",\"target\":[\"https:\/\/dogogiagoc.vn\/xh\/lien-he\/\"]}]},{\"@type\":\"BreadcrumbList\",\"@id\":\"https:\/\/dogogiagoc.vn\/xh\/lien-he\/#breadcrumb\",\"itemListElement\":[{\"@type\":\"ListItem\",\"position\":1,\"name\":\"Trang ch\u1ee7\",\"item\":\"https:\/\/dogogiagoc.vn\/xh\/\"},{\"@type\":\"ListItem\",\"position\":2,\"name\":\"Li\u00ean h\u1ec7\"}]}]}<\/script>\n<!-- \/ Yoast SEO plugin. -->","yoast_head_json":{"title":"Li\u00ean h\u1ec7 - Xinh Home - \u0110\u1ed3 G\u1ed7 Gi\u00e1 G\u1ed1c","description":"C\u00f4ng ty C\u1ed5 ph\u1ea7n Xinh Home, Th\u01b0\u01a1ng hi\u1ec7u \u0110\u1ed3 G\u1ed7 Gi\u00e1 G\u1ed1c. \u0110i\u1ec7n tho\u1ea1i: 0949.32.88.86 - 02466.895.773. Nh\u00e0 m\u00e1y: Km 5, \u0110\u1ea1i L\u1ed9 Th\u0103ng Long, M\u1ef9 \u0110\u00ecnh, H\u00e0 N\u1ed9i.","robots":{"index":"index","follow":"follow","max-snippet":"max-snippet:-1","max-image-preview":"max-image-preview:large","max-video-preview":"max-video-preview:-1"},"canonical":"https:\/\/dogogiagoc.vn\/xh\/lien-he\/","og_locale":"vi_VN","og_type":"article","og_title":"Li\u00ean h\u1ec7 - Xinh Home - \u0110\u1ed3 G\u1ed7 Gi\u00e1 G\u1ed1c","og_description":"C\u00f4ng ty C\u1ed5 ph\u1ea7n Xinh Home, Th\u01b0\u01a1ng hi\u1ec7u \u0110\u1ed3 G\u1ed7 Gi\u00e1 G\u1ed1c. \u0110i\u1ec7n tho\u1ea1i: 0949.32.88.86 - 02466.895.773. Nh\u00e0 m\u00e1y: Km 5, \u0110\u1ea1i L\u1ed9 Th\u0103ng Long, M\u1ef9 \u0110\u00ecnh, H\u00e0 N\u1ed9i.","og_url":"https:\/\/dogogiagoc.vn\/xh\/lien-he\/","og_site_name":"Xinh Home - \u0110\u1ed3 G\u1ed7 Gi\u00e1 G\u1ed1c","article_publisher":"https:\/\/facebook.com\/dogogiagoc1","article_modified_time":"2024-01-30T04:34:54+00:00","twitter_card":"summary_large_image","twitter_misc":{"\u01af\u1edbc t\u00ednh th\u1eddi gian \u0111\u1ecdc":"1 ph\u00fat"},"schema":{"@context":"https:\/\/schema.org","@graph":[{"@type":"Organization","@id":"https:\/\/dogogiagoc.vn\/xh\/#organization","name":"C\u00f4ng ty C\u1ed5 ph\u1ea7n Xinh Home","url":"https:\/\/dogogiagoc.vn\/xh\/","sameAs":["https:\/\/facebook.com\/dogogiagoc1"],"logo":{"@type":"ImageObject","inLanguage":"vi","@id":"https:\/\/dogogiagoc.vn\/xh\/#\/schema\/logo\/image\/","url":"https:\/\/dogogiagoc.vn\/xh\/wp-content\/uploads\/2022\/07\/LOGO-300X200.png","contentUrl":"https:\/\/dogogiagoc.vn\/xh\/wp-content\/uploads\/2022\/07\/LOGO-300X200.png","width":300,"height":200,"caption":"C\u00f4ng ty C\u1ed5 ph\u1ea7n Xinh Home"},"image":{"@id":"https:\/\/dogogiagoc.vn\/xh\/#\/schema\/logo\/image\/"}},{"@type":"WebSite","@id":"https:\/\/dogogiagoc.vn\/xh\/#website","url":"https:\/\/dogogiagoc.vn\/xh\/","name":"Xinh Home - \u0110\u1ed3 G\u1ed7 Gi\u00e1 G\u1ed1c","description":"M\u1ed7i c\u00f4ng tr\u00ecnh l\u00e0 m\u1ed9t Showroom","publisher":{"@id":"https:\/\/dogogiagoc.vn\/xh\/#organization"},"potentialAction":[{"@type":"SearchAction","target":{"@type":"EntryPoint","urlTemplate":"https:\/\/dogogiagoc.vn\/xh\/?s={search_term_string}"},"query-input":"required name=search_term_string"}],"inLanguage":"vi"},{"@type":"WebPage","@id":"https:\/\/dogogiagoc.vn\/xh\/lien-he\/","url":"https:\/\/dogogiagoc.vn\/xh\/lien-he\/","name":"Li\u00ean h\u1ec7 - Xinh Home - \u0110\u1ed3 G\u1ed7 Gi\u00e1 G\u1ed1c","isPartOf":{"@id":"https:\/\/dogogiagoc.vn\/xh\/#website"},"datePublished":"2022-07-26T01:34:00+00:00","dateModified":"2024-01-30T04:34:54+00:00","description":"C\u00f4ng ty C\u1ed5 ph\u1ea7n Xinh Home, Th\u01b0\u01a1ng hi\u1ec7u \u0110\u1ed3 G\u1ed7 Gi\u00e1 G\u1ed1c. \u0110i\u1ec7n tho\u1ea1i: 0949.32.88.86 - 02466.895.773. Nh\u00e0 m\u00e1y: Km 5, \u0110\u1ea1i L\u1ed9 Th\u0103ng Long, M\u1ef9 \u0110\u00ecnh, H\u00e0 N\u1ed9i.","breadcrumb":{"@id":"https:\/\/dogogiagoc.vn\/xh\/lien-he\/#breadcrumb"},"inLanguage":"vi","potentialAction":[{"@type":"ReadAction","target":["https:\/\/dogogiagoc.vn\/xh\/lien-he\/"]}]},{"@type":"BreadcrumbList","@id":"https:\/\/dogogiagoc.vn\/xh\/lien-he\/#breadcrumb","itemListElement":[{"@type":"ListItem","position":1,"name":"Trang ch\u1ee7","item":"https:\/\/dogogiagoc.vn\/xh\/"},{"@type":"ListItem","position":2,"name":"Li\u00ean h\u1ec7"}]}]}},"_links":{"self":[{"href":"https:\/\/dogogiagoc.vn\/xh\/wp-json\/wp\/v2\/pages\/559","targetHints":{"allow":["GET"]}}],"collection":[{"href":"https:\/\/dogogiagoc.vn\/xh\/wp-json\/wp\/v2\/pages"}],"about":[{"href":"https:\/\/dogogiagoc.vn\/xh\/wp-json\/wp\/v2\/types\/page"}],"author":[{"embeddable":true,"href":"https:\/\/dogogiagoc.vn\/xh\/wp-json\/wp\/v2\/users\/1"}],"replies":[{"embeddable":true,"href":"https:\/\/dogogiagoc.vn\/xh\/wp-json\/wp\/v2\/comments?post=559"}],"version-history":[{"count":18,"href":"https:\/\/dogogiagoc.vn\/xh\/wp-json\/wp\/v2\/pages\/559\/revisions"}],"predecessor-version":[{"id":1292,"href":"https:\/\/dogogiagoc.vn\/xh\/wp-json\/wp\/v2\/pages\/559\/revisions\/1292"}],"wp:attachment":[{"href":"https:\/\/dogogiagoc.vn\/xh\/wp-json\/wp\/v2\/media?parent=559"}],"curies":[{"name":"wp","href":"https:\/\/api.w.org\/{rel}","templated":true}]}}